{"id":116,"date":"2016-02-05T15:59:28","date_gmt":"2016-02-05T14:59:28","guid":{"rendered":"http:\/\/localhost:81\/bovile\/?page_id=116"},"modified":"2026-04-15T15:36:23","modified_gmt":"2026-04-15T14:36:23","slug":"guide-de-peche-morbihan","status":"publish","type":"page","link":"https:\/\/www.rioguidepechepro.fr\/","title":{"rendered":"Guide de p\u00eache Morbihan- Bretagne- Sortie p\u00eache en mer- Golfe du Morbihan- 56"},"content":{"rendered":"[vc_row][vc_column][vc_gallery type=\u00a0\u00bbflexslider_slide\u00a0\u00bb interval=\u00a0\u00bb5&Prime; images=\u00a0\u00bb4838,3351,3477,3480,4845,3479,3481,3296,3483&Prime; img_size=\u00a0\u00bb1328&#215;747&Prime; onclick=\u00a0\u00bb\u00a0\u00bb][vc_custom_heading text=\u00a0\u00bb Micka\u00ebl RIO, Moniteur, Guide de p\u00eache dans le Golfe du Morbihan\u00a0\u00bb font_container=\u00a0\u00bbtag:h2|text_align:left|color:%23001059&Prime; use_theme_fonts=\u00a0\u00bbyes\u00a0\u00bb][vc_column_text][\/vc_column_text][\/vc_column][\/vc_row][vc_row][vc_column width=\u00a0\u00bb6\/6&Prime;][vc_column_text css=\u00a0\u00bb.vc_custom_1648794732609{background-color: #f2f2f2 !important;border-radius: 10px !important;}\u00a0\u00bb]\r\n<blockquote><strong>Au c\u0153ur du Golfe du\u00a0Morbihan, en\u00a0Bretagne sud, je vous invite \u00e0 venir d\u00e9couvrir la p\u00eache en mer dans une des plus belles baies du monde.<\/strong> <strong>Venez vous initier ou approfondir diff\u00e9rentes techniques de p\u00eache du Bar aux leurres dans des sites aux paysages remarquables !<\/strong> <strong>En attendant de vous rencontrer, je vous laisse naviguer, au gr\u00e9 des pages.<\/strong> <strong>A tr\u00e8s bient\u00f4t, au port du Logeo<\/strong><strong>\u00a0!<\/strong>\r\n<p style=\"text-align: right;\"><strong>Micka\u00ebl\u00a0\u00a0\u00a0\u00a0\u00a0\u00a0\u00a0\u00a0\u00a0 <\/strong><\/p>\r\n<\/blockquote>\r\n[\/vc_column_text][\/vc_column][vc_column width=\u00a0\u00bb1\/2&Prime;][vc_single_image image=\u00a0\u00bb4835&Prime; img_size=\u00a0\u00bb300&#215;300&Prime; alignment=\u00a0\u00bbcenter\u00a0\u00bb style=\u00a0\u00bbvc_box_border_circle_2&Prime;][\/vc_column][\/vc_row][vc_row][vc_column width=\u00a0\u00bb1\/2&Prime;][vc_custom_heading text=\u00a0\u00bbACTUALITES &#8211; Avril\/Mai\/Juin 2026&Prime; font_container=\u00a0\u00bbtag:h2|font_size:32|text_align:left|color:%23003377&Prime; use_theme_fonts=\u00a0\u00bbyes\u00a0\u00bb][vc_column_text]<p><em><strong>Bonjour \u00e0 toutes et tous ! <\/strong><\/em><\/p>\r\n<p><em><strong>D\u00e9j\u00e0 10ans de guidage sur le Golfe du Morbihan, toujours au d\u00e9part du port du Logeo \u00e0 Sarzeau, et \u00e7a, c&rsquo;est gr\u00e2ce \u00e0 la confiance que vous m&rsquo;accorder au file des ans ! <\/strong><\/em><\/p>\r\n<p><em><strong>Un grand merci \u00e0 tous !<\/strong><\/em><\/p>\r\n<p><em><strong>-Nouveaut\u00e9 2026 : Possibilit\u00e9 de formule coup du soir (3h)<\/strong><\/em><\/p>\r\n<p><em><strong>Vous pouvez r\u00e9server d\u00e8s \u00e0 pr\u00e9sent votre sortie p\u00eache pour 2026, soit par mail, t\u00e9l\u00e9phone ou en ligne via<\/strong><\/em><b><i> l&rsquo;onglet \u00ab\u00a0r\u00e9server en direct\u00a0\u00bb dans la rubrique r\u00e9servation depuis le menu, s\u00e9lectionner la date, puis choisir la formule retenue et ensuite le nombre de participant&#8230;<\/i><\/b><\/p>\r\n<p><em><b>Je suis \u00e0 votre disposition pour vos demandes de renseignements, prises de rendez-vous et demandes de cartes cadeaux, soit par mail (mickael.rio56@orange.fr), par SMS ou par t\u00e9l\u00e9phone au 06.87.52.61.32&#8230;<\/b><\/em><\/p>\r\n<p><em><b>Ils arrivent que des places se lib\u00e8rent \u00e0 la derni\u00e8re minute, donc n&rsquo;h\u00e9sitez pas \u00e0 me laisser un petit sms avec vos coordonn\u00e9es&#8230;<\/b><\/em><b><i>\u00a0<\/i><\/b><\/p>\r\n<p><em><b>Tous les ans, plusieurs gros bar de 5 \u00e0 6 kilos sont p\u00each\u00e9s aux leurres de surface, des coups de lignes riches en \u00e9motions <\/b><\/em><em><b>!!!<\/b><\/em><\/p>\r\n<p><em><b>Avis aux amateurs de sensations fortes !!!\u00a0\u00a0<\/b><\/em><\/p>\r\n<p><strong><span style=\"text-decoration: underline;\">Rappel des horaires:<\/span> le d\u00e9part du matin est pr\u00e9vu \u00e0 8h00, retour vers 12h00 et d\u00e9part \u00e0 13h00 pour les sorties en apr\u00e8s-midi, retour vers 17h00&#8230;(pensez \u00e0 vous garer sur le parking gratuit qui se trouve en haut du port)<\/strong><\/p>\r\n<p><strong>Pour les p\u00eacheurs souhaitant garder un Bar pour se faire plaisir \u00e0 table au retour de p\u00eache, je propose d\u00e9sormais une initiation \u00e0 l&rsquo;Ik\u00e9jim\u00e9 et c&rsquo;est compris dans la prestation !<\/strong><\/p>\r\n<p>Pour encore plus de confort en p\u00eache et en navigation, je vous accueille sur un semi-rigide de qualit\u00e9 professionnel de marque NARWHAL HD de 6,75m. \u00e9quip\u00e9s pour la p\u00eache sportive.<\/p>\r\n<p>Pour information, les d\u00e9parts ont lieux principalement du port du Logeo, \u00e0 Sarzeau, id\u00e9alement situ\u00e9 \u00e0 proximit\u00e9 imm\u00e9diate de mes spots de p\u00eache favoris.(un grand parking gratuit se trouve \u00e0 proximit\u00e9 imm\u00e9diate).<\/p>\r\n<p>Petit rappel concernant le <strong>\u00ab\u00a0<\/strong><em><strong>mal de mer\u00a0\u00bb,<\/strong><\/em> aucun risque d&rsquo;\u00eatre malade car il n&rsquo;y a pas de houle dans le Golfe, donc pas d&rsquo;inqui\u00e9tude \u00e0 avoir, vous pouvez mettre de c\u00f4t\u00e9 les m\u00e9dicaments de type \u00ab\u00a0Mer calme\u00a0\u00bb, Cocculine\u00a0\u00bb, et autres bracelets anti mal de mer&#8230;<\/p>\r\n<p>Afin de bien pr\u00e9parer votre sortie, pensez \u00e0 pr\u00e9voir des v\u00eatements adapt\u00e9s \u00e0 la m\u00e9t\u00e9o, une veste chaude pour la navigation, m\u00eame en \u00e9t\u00e9, car il fait toujours plus frais sur l&rsquo;eau que sur terre ! Pr\u00e9voyez \u00e9galement des v\u00eatements imperm\u00e9ables en cas de risque de pluie, casquette ou bonnet, lunettes de soleil, cr\u00e8me solaire, et de quoi vous hydrater.<\/p>\r\n<p>Cot\u00e9 formalit\u00e9s, afin de faciliter les prises de RDV,\u00a0 j&rsquo;ai mis en place un planning en ligne avec possibilit\u00e9s de r\u00e9server en direct via votre empreinte bancaire, qui sert \u00e0 garantir la r\u00e9servation, et le paiement se fait sur place le jour de la sortie.<\/p>\r\n<p><em><strong>rdv en ligne ici :<\/strong><\/em> <a href=\"http:\/\/www.rioguidepechepro.fr\/index.php\/reservations-en-ligne\/\">r\u00e9servation<\/a><\/p>\r\n<p>En cas de besoin particulier, ou pour toutes demandes de disponibilit\u00e9s, n&rsquo;h\u00e9sitez pas \u00e0 me contacter par t\u00e9l\u00e9phone, sms ou mail, je me ferai un plaisir de vous r\u00e9pondre.<\/p>\r\n<p>Le calendrier de r\u00e9servation en ligne est \u00e9galement disponible sur la page de mon partenaire \u00ab\u00a0Morbihan Tourisme\u00a0\u00bb dont voici le lien, (voir formules d\u00e9couvertes):<\/p>\r\n<p><a href=\"https:\/\/www.morbihan.com\/sarzeau\/mickael-rio-guide-de-peche-professionnel\/tabid\/12547\/offreid\/b2ecc1f4-17e3-4ffc-b5b4-6eb8e7fa093e\"><strong>https:\/\/www.morbihan.com\/sarzeau\/mickael-rio-guide-de-peche-professionnel\/tabid\/12547\/offreid\/b2ecc1f4-17e3-4ffc-b5b4-6eb8e7fa093e<\/strong><\/a><\/p>\r\n<p>Les tarifs 2026 de mes prestations p\u00eache sont visibles dans la rubrique <em><strong>formules<\/strong><\/em>.<\/p>\r\n<p>Pour vos vacances en Bretagne, sur la presqu\u2019\u00eeles de Rhuys, offrez-vous une journ\u00e9e de p\u00eache au bar en bateau dans le Golfe du Morbihan !\u00a0 D\u00e9paysement total garanti !<\/p>\r\n<p>Envie de changer d\u2019air, de vous \u00e9vader, venez p\u00eacher, Je m\u2019occupe de tout !<\/p>\r\n<p>A bient\u00f4t \u00e0 Sarzeau, au port du Logeo !<\/p>\r\n<p><span style=\"text-decoration: underline;\"><strong><em>Micka\u00ebl Rio<\/em><\/strong><\/span><\/p>\r\n<p><em><strong>Id\u00e9es cadeaux pour les f\u00eates !<\/strong><\/em><\/p>\r\n<p><em><strong>Anniversaire, d\u00e9part en retraite, enterrement de vie de gar\u00e7on ou simplement faire plaisir \u00e0 un proche, O<\/strong><\/em><em><strong>ffrez une sortie p\u00eache en mer dans le Golfe du Morbihan.<\/strong><\/em><\/p>\r\n<p><em><strong>L<\/strong><\/em><em><strong>a \u00ab\u00a0<span style=\"text-decoration: underline;\">carte cadeau<\/span>\u00ab\u00a0, Une id\u00e9e originale 100% p\u00eache qui fera plaisir \u00e0 coup s\u00fbr ! Parole de guide !<\/strong><\/em><\/p>\r\n<p><em><strong>RDV dans la rubrique <a href=\"http:\/\/www.rioguidepechepro.fr\/index.php\/bon-cadeau-sortie-peche\/\">\u00ab\u00a0bon cadeau\u00a0\u00bb<\/a><\/strong><\/em><\/p>[\/vc_column_text][\/vc_column][vc_column width=\u00a0\u00bb1\/2&Prime;][vc_column_text]\r\n<h3><\/h3>\r\n[\/vc_column_text][vc_single_image image=\u00a0\u00bb3343&Prime; img_size=\u00a0\u00bblarge\u00a0\u00bb][\/vc_column][vc_column][vc_custom_heading text=\u00a0\u00bbPartenaires\u00a0\u00bb font_container=\u00a0\u00bbtag:h2|font_size:32|text_align:left|color:%23001c5e\u00a0\u00bb use_theme_fonts=\u00a0\u00bbyes\u00a0\u00bb][\/vc_column][\/vc_row][vc_row][vc_column][\/vc_column][\/vc_row][vc_row][vc_column width=\u00a0\u00bb1\/6&Prime;][vc_single_image image=\u00a0\u00bb1324&Prime; img_size=\u00a0\u00bbmedium\u00a0\u00bb add_caption=\u00a0\u00bbyes\u00a0\u00bb alignment=\u00a0\u00bbcenter\u00a0\u00bb onclick=\u00a0\u00bbcustom_link\u00a0\u00bb img_link_target=\u00a0\u00bb_blank\u00a0\u00bb link=\u00a0\u00bbhttps:\/\/buy.garmin.com\/fr-FR\/FR\/cOnTheWater-p1.html\u00a0\u00bb css=\u00a0\u00bb.vc_custom_1562524990621{background-color: #ffffff !important;background-position: center !important;background-repeat: no-repeat !important;background-size: contain !important;}\u00a0\u00bb][\/vc_column][vc_column width=\u00a0\u00bb1\/6&Prime;][vc_gallery type=\u00a0\u00bbimage_grid\u00a0\u00bb images=\u00a0\u00bb4804&Prime; img_size=\u00a0\u00bb400X250&Prime; onclick=\u00a0\u00bbcustom_link\u00a0\u00bb][\/vc_column][vc_column width=\u00a0\u00bb1\/6&Prime;][vc_single_image image=\u00a0\u00bb1316&Prime; img_size=\u00a0\u00bbmedium\u00a0\u00bb onclick=\u00a0\u00bbcustom_link\u00a0\u00bb link=\u00a0\u00bbhttps:\/\/ffmgp.com\/\u00a0\u00bb][\/vc_column][vc_column width=\u00a0\u00bb1\/6&Prime;][vc_single_image image=\u00a0\u00bb1329&Prime; img_size=\u00a0\u00bbmedium\u00a0\u00bb onclick=\u00a0\u00bbcustom_link\u00a0\u00bb link=\u00a0\u00bbhttps:\/\/www.golfedumorbihan.bzh\/fiche\/mickael-rio-guide-de-peche-professionnel-golfe-du-morbihan\/\u00a0\u00bb][\/vc_column][vc_column width=\u00a0\u00bb1\/6&Prime;][vc_single_image image=\u00a0\u00bb4802&Prime; img_size=\u00a0\u00bb\u00a0\u00bb onclick=\u00a0\u00bbcustom_link\u00a0\u00bb link=\u00a0\u00bbhttps:\/\/www.powerline.fr\/\u00a0\u00bb][\/vc_column][\/vc_row][vc_row][vc_column width=\u00a0\u00bb1\/6&Prime;][vc_single_image image=\u00a0\u00bb1323&Prime; img_size=\u00a0\u00bbmedium\u00a0\u00bb onclick=\u00a0\u00bbcustom_link\u00a0\u00bb link=\u00a0\u00bbhttp:\/\/fiiish.com\/\u00a0\u00bb][\/vc_column][vc_column width=\u00a0\u00bb1\/6&Prime;][vc_single_image image=\u00a0\u00bb4799&Prime; img_size=\u00a0\u00bbmedium\u00a0\u00bb onclick=\u00a0\u00bbcustom_link\u00a0\u00bb link=\u00a0\u00bbhttps:\/\/www.illex.fr\/\u00a0\u00bb][\/vc_column][vc_column width=\u00a0\u00bb1\/6&Prime;][vc_single_image image=\u00a0\u00bb2604&Prime; img_size=\u00a0\u00bbmedium\u00a0\u00bb onclick=\u00a0\u00bbcustom_link\u00a0\u00bb link=\u00a0\u00bbhttps:\/\/www.tripadvisor.fr\/Attraction_Review-g1944339-d13330001-Reviews-Guide_de_Peche_Morbihan_Mickael_Rio-Sarzeau_Morbihan_Brittany.html\u00a0\u00bb][\/vc_column][vc_column width=\u00a0\u00bb1\/6&Prime;][vc_single_image image=\u00a0\u00bb2603&Prime; img_size=\u00a0\u00bbmedium\u00a0\u00bb onclick=\u00a0\u00bbcustom_link\u00a0\u00bb link=\u00a0\u00bbhttps:\/\/www.morbihan.com\/sarzeau\/mickael-rio-guide-de-peche-professionnel\/tabid\/12547\/offreid\/b2ecc1f4-17e3-4ffc-b5b4-6eb8e7fa093e\u00a0\u00bb][\/vc_column][vc_column width=\u00a0\u00bb1\/6&Prime;][vc_single_image image=\u00a0\u00bb2606&Prime; img_size=\u00a0\u00bbmedium\u00a0\u00bb onclick=\u00a0\u00bbcustom_link\u00a0\u00bb link=\u00a0\u00bbhttps:\/\/comptoirdespecheurs.com\/France\/peche-en-mer\/328-Micka\u00ebl-Rio&#8211;Moniteur-Guide-de-p\u00eache-professionnel\u00a0\u00bb][\/vc_column][vc_column width=\u00a0\u00bb1\/6&Prime;][vc_single_image image=\u00a0\u00bb1327&Prime; img_size=\u00a0\u00bbmedium\u00a0\u00bb onclick=\u00a0\u00bbcustom_link\u00a0\u00bb link=\u00a0\u00bbhttps:\/\/www.tourisme-pays-redon.com\/\u00a0\u00bb][\/vc_column][\/vc_row][vc_row][vc_column][vc_empty_space][\/vc_column][\/vc_row][vc_row][vc_column][vc_column_text] \u00a0 <p>[\/vc_column_text][\/vc_column][\/vc_row][vc_row][vc_column width=\u00a0\u00bb1\/2&Prime;][vc_custom_heading text=\u00a0\u00bbPrestations\u00a0\u00bb font_container=\u00a0\u00bbtag:h2|font_size:32|text_align:left|color:%23003377&Prime; use_theme_fonts=\u00a0\u00bbyes\u00a0\u00bb][vc_custom_heading text=\u00a0\u00bb\u00a0\u00bb font_container=\u00a0\u00bbtag:h2|font_size:32|text_align:left|color:%23003377&Prime; use_theme_fonts=\u00a0\u00bbyes\u00a0\u00bb][vc_column_text]<\/p>\n<ul>\n<li>Sortie de p\u00eache en mer au bar en Bretagne, dans le Golfe du Morbihan (56) pour p\u00eacheur d\u00e9butant et confirm\u00e9.<\/li>\n<li>Stage de p\u00eache d\u00e9couverte, d\u2019initiation, ou de perfectionnement \u00e0 la p\u00eache aux leurres en bateau.<\/li>\n<li>Comment p\u00eacher en mer en toute s\u00e9curit\u00e9, apprendre \u00e0 placer son bateau sur les d\u00e9rives en fonction des courants et du vent.<\/li>\n<li>Apprentissage des n\u0153uds de p\u00eache essentiel du p\u00eacheur, initiation au n\u0153uds d&rsquo;attache, n\u0153ud de raccord tresse F-G, bas de ligne fluoro-carbone&#8230;<\/li>\n<li>Apprentissage des techniques de lancer, techniques d&rsquo;animation des leurres souples, poissons nageurs, jigs et \u00e9galement stickbaits, poppers pour la p\u00eache au leurre de surface.<\/li>\n<li>Initiation \u00e0 la m\u00e9thode \u00ab\u00a0Ik\u00e9jime\u00a0\u00bb, c&rsquo;est une technique d&rsquo;abattage ancestrale, cette pratique d&rsquo;origine Japonaise \u00e0 pour effet de r\u00e9duire le stress et la douleur du poisson qui consiste \u00e0 neutraliser son syst\u00e8me nerveux avant de le saigner, elle permet de limiter la diffusion des toxines dans les chairs et donc une meilleur conservation du poisson gard\u00e9.<\/li>\n<li>Possibilit\u00e9s d&rsquo;enseignement des diff\u00e9rentes techniques de p\u00eache en mer, plusieurs offres de stages de peche en mer s&rsquo;offrent \u00e0 vous, (D\u00e9couverte, Famille (p\u00e8re\/fils) ou Exclusive, aux choix)<\/li>\n<li>Guidage de p\u00eache au Bar sur la presqu&rsquo;\u00eele de Rhuys, en Bretagne sud, d\u00e9part du port du Log\u00e9o \u00e0\u00a0Sarzeau<\/li>\n<li>Initiation \u00e0 la p\u00eache au leurre en d\u00e9rive dans\u00a0le Golfe du Morbihan.<\/li>\n<li>Stage de p\u00eache en mer guid\u00e9 en bateau, p\u00eache\u00a0du\u00a0bar sur le secteur de l&rsquo;\u00eeles aux Moines, la Jument et l\u2019\u00eele Longue, Gavrinis, Er Lannic, Berder&#8230;<\/li>\n<li>Moniteur, Guide de p\u00eache en Bretagne &#8211; Guidage et cours de p\u00eache individuel\u00a0sur votre bateau, en mer, dans le Golfe du Morbihan.<\/li>\n<li>Formation \u00e0 l&rsquo;\u00e9lectronique marine embarqu\u00e9e <strong>Garmin<\/strong>, Echomap Plus,Ultra, GPSMAP xsv, Striker, technologie Chirp,ClearVu, SideVu, Livescope, cartographie Bluechart G3 Navionics\u2026 Formule \u00e0 l&rsquo;heure, \u00e0 la demi-journ\u00e9e ou la journ\u00e9e.<\/li>\n<li>Guidage de p\u00eache en mer, en bateau dans le Golfe du Morbihan<\/li>\n<li>P\u00eache de la dorade grise aux app\u00e2ts naturels, une p\u00eache ludique pour faire d\u00e9couvrir la p\u00eache aux enfants.<\/li>\n<li>Pour les f\u00eates de No\u00ebl, pensez\u00a0\u00e0 offrir un\u00a0\u201cBon cadeau p\u00eache en bateau\u201d, \u201cCarte cadeau p\u00eache avec un guide\u201d, \u201cch\u00e8que cadeau p\u00eache dans le Golfe\u201d, \u201cCoffret cadeau p\u00eache en mer\u201d, pour toutes demandes, Rdv dans la rubrique <a href=\"http:\/\/www.rioguidepechepro.fr\/index.php\/bon-cadeau-sortie-peche\/\"><strong>\u201c<\/strong><strong><em>bon cadeau\u201d<\/em><\/strong><\/a><\/li>\n<li>Pour toutes demandes particuli\u00e8res, n\u2019h\u00e9siter pas \u00e0 me demander un devis via\u00a0la rubrique <a href=\"http:\/\/www.rioguidepechepro.fr\/index.php\/reservations-en-ligne\/\"><strong>\u201c<\/strong><strong><em>contact\u201d<\/em><\/strong><\/a>\u2026<\/li>\n<li>Pour r\u00e9pondre \u00e0 toutes vos envies de p\u00eache, diff\u00e9rentes formules sont possibles, \u00e0 partir de 140\u20ac par personne la 1\/2 journ\u00e9e.<\/li>\n<li>A d\u00e9couvrir en famille, entre amis ou en solo, pour p\u00eacheur d\u00e9butant ou confirm\u00e9 !<\/li>\n<\/ul>\n<p>[\/vc_column_text][\/vc_column][vc_column width=\u00a0\u00bb1\/2&Prime;][vc_gmaps link=\u00a0\u00bb#E-8_JTNDaWZyYW1lJTIwc3JjJTNEJTIyaHR0cHMlM0ElMkYlMkZ3d3cuZ29vZ2xlLmNvbSUyRm1hcHMlMkZlbWJlZCUzRnBiJTNEJTIxMW0xOCUyMTFtMTIlMjExbTMlMjExZDM0NDg4OC45ODcxMjQ3NjUxJTIxMmQtMy4wMDY3NjEzMjk2MTgyNjElMjEzZDQ3LjUyMDE5NDY4MDkzMzA2NiUyMTJtMyUyMTFmMCUyMTJmMCUyMTNmMCUyMTNtMiUyMTFpMTAyNCUyMTJpNzY4JTIxNGYxMy4xJTIxM20zJTIxMW0yJTIxMXMweDQ4MTAwNGFkNGJjNmMyODMlMjUzQTB4ZDQxYzQ1MjYyYmQ3YjdhYyUyMTJzR29sZmUlMkJkdSUyQk1vcmJpaGFuJTIxNWUwJTIxM20yJTIxMXNmciUyMTJzZnIlMjE0djE0Njk4ODc4MDY5MzQlMjIlMjB3aWR0aCUzRCUyMjYwMCUyMiUyMGhlaWdodCUzRCUyMjQ1MCUyMiUyMGZyYW1lYm9yZGVyJTNEJTIyMCUyMiUyMHN0eWxlJTNEJTIyYm9yZGVyJTNBMCUyMiUyMGFsbG93ZnVsbHNjcmVlbiUzRSUzQyUyRmlmcmFtZSUzRQ==\u00a0\u00bb][\/vc_column][\/vc_row][vc_row][vc_column][\/vc_column][\/vc_row][vc_row][vc_column width=\u00a0\u00bb1\/3&Prime;][\/vc_column][vc_column width=\u00a0\u00bb1\/3&Prime;][vc_separator style=\u00a0\u00bbdouble\u00a0\u00bb border_width=\u00a0\u00bb6&Prime;][vc_single_image image=\u00a0\u00bb896&Prime; img_size=\u00a0\u00bb150&#215;75&Prime; add_caption=\u00a0\u00bbyes\u00a0\u00bb alignment=\u00a0\u00bbcenter\u00a0\u00bb onclick=\u00a0\u00bbcustom_link\u00a0\u00bb img_link_target=\u00a0\u00bb_blank\u00a0\u00bb link=\u00a0\u00bbhttps:\/\/www.facebook.com\/Micka\u00ebl-RIO-Moniteur-Guide-de-P\u00eache-Professionnel-156666394758775\/\u00a0\u00bb][\/vc_column][vc_column width=\u00a0\u00bb1\/3&Prime;][\/vc_column][\/vc_row][vc_row][vc_column][\/vc_column][\/vc_row][vc_row][vc_column][vc_column_text]<\/p>\n<ul>\n<li><em><strong>Titulaire du BPJEPS ET CRR Maritime (N\u00b0280662***) et de l&rsquo;UCC MER (N\u00b016035UCC0001***)<\/strong><\/em><\/li>\n<li><em><strong>Carte professionnelle d&rsquo;\u00e9ducateur sportif N\u00b005616ED0137***<\/strong><\/em><\/li>\n<li><em><strong>\u00a0ASSURANCE RC PRO AN3S N\u00b0675047304***\u00a0 \u00a0<\/strong><\/em><\/li>\n<li><em><strong>N\u00b0SIRET:82150680500018***<\/strong><\/em><\/li>\n<li><em><strong>Carte Professionnelle n\u00b0*********<\/strong><\/em><\/li>\n<li><em><strong>Membre de la f\u00e9d\u00e9ration Fran\u00e7aise des moniteurs, guides de p\u00eache (FFMGP)<\/strong><\/em><\/li>\n<\/ul>\n<p>[\/vc_column_text][\/vc_column][\/vc_row][vc_row][vc_column][vc_column_text] \u00a0 <\/p>\n[\/vc_column_text][\/vc_column][\/vc_row][vc_row][vc_column][vc_column_text]\r\n<div class=\"vce-row-container\" data-vce-boxed-width=\"true\">\r\n<div id=\"el-cc334dcd\" class=\"vce-row vce-row--col-gap-30 vce-row-equal-height vce-row-columns--top vce-row-content--top\" data-vce-do-apply=\"all el-cc334dcd\">\r\n<div class=\"vce-row-content\" data-vce-element-content=\"true\">\r\n<div id=\"el-6f54e70a\" class=\"vce-col vce-col--md-auto vce-col--xs-1 vce-col--xs-last vce-col--xs-first vce-col--sm-last vce-col--sm-first vce-col--md-last vce-col--lg-last vce-col--xl-last vce-col--md-first vce-col--lg-first vce-col--xl-first\">\r\n<div class=\"vce-col-inner\" data-vce-do-apply=\"border margin background  el-6f54e70a\">\r\n<div class=\"vce-col-content\" data-vce-element-content=\"true\" data-vce-do-apply=\"padding el-6f54e70a\"><\/div>\r\n<\/div>\r\n<\/div>\r\n<\/div>\r\n<\/div>\r\n<\/div>\r\n<!--vcv no format--> [\/vc_column_text][\/vc_column][\/vc_row]","protected":false},"excerpt":{"rendered":"<p>[vc_row][vc_column][vc_gallery type=\u00a0\u00bbflexslider_slide\u00a0\u00bb interval=\u00a0\u00bb5&Prime; images=\u00a0\u00bb4838,3351,3477,3480,4845,3479,3481,3296,3483&Prime; img_size=\u00a0\u00bb1328&#215;747&Prime; onclick=\u00a0\u00bb\u00a0\u00bb][vc_custom_heading text=\u00a0\u00bb Micka\u00ebl RIO, Moniteur, Guide de p\u00eache dans le Golfe du Morbihan\u00a0\u00bb font_container=\u00a0\u00bbtag:h2|text_align:left|color:%23001059&Prime; use_theme_fonts=\u00a0\u00bbyes\u00a0\u00bb][vc_column_text][\/vc_column_text][\/vc_column][\/vc_row][vc_row][vc_column width=\u00a0\u00bb6\/6&Prime;][vc_column_text css=\u00a0\u00bb.vc_custom_1648794732609{background-color: #f2f2f2 !important;border-radius: 10px !important;}\u00a0\u00bb] Au c\u0153ur du Golfe du\u00a0Morbihan, en\u00a0Bretagne sud, je vous invite \u00e0 venir d\u00e9couvrir la p\u00eache en mer dans une des plus belles baies du monde. Venez vous initier ou [&hellip;]<\/p>\n","protected":false},"author":1,"featured_media":0,"parent":0,"menu_order":0,"comment_status":"closed","ping_status":"closed","template":"full-frontpage.php","meta":{"footnotes":""},"class_list":["post-116","page","type-page","status-publish","hentry"],"_links":{"self":[{"href":"https:\/\/www.rioguidepechepro.fr\/index.php\/wp-json\/wp\/v2\/pages\/116","targetHints":{"allow":["GET"]}}],"collection":[{"href":"https:\/\/www.rioguidepechepro.fr\/index.php\/wp-json\/wp\/v2\/pages"}],"about":[{"href":"https:\/\/www.rioguidepechepro.fr\/index.php\/wp-json\/wp\/v2\/types\/page"}],"author":[{"embeddable":true,"href":"https:\/\/www.rioguidepechepro.fr\/index.php\/wp-json\/wp\/v2\/users\/1"}],"replies":[{"embeddable":true,"href":"https:\/\/www.rioguidepechepro.fr\/index.php\/wp-json\/wp\/v2\/comments?post=116"}],"version-history":[{"count":374,"href":"https:\/\/www.rioguidepechepro.fr\/index.php\/wp-json\/wp\/v2\/pages\/116\/revisions"}],"predecessor-version":[{"id":4861,"href":"https:\/\/www.rioguidepechepro.fr\/index.php\/wp-json\/wp\/v2\/pages\/116\/revisions\/4861"}],"wp:attachment":[{"href":"https:\/\/www.rioguidepechepro.fr\/index.php\/wp-json\/wp\/v2\/media?parent=116"}],"curies":[{"name":"wp","href":"https:\/\/api.w.org\/{rel}","templated":true}]}}