{"id":122,"date":"2016-02-13T18:58:02","date_gmt":"2016-02-13T17:58:02","guid":{"rendered":"http:\/\/ninetheme.com\/themes\/bovile\/?page_id=2"},"modified":"2025-07-02T09:14:29","modified_gmt":"2025-07-02T08:14:29","slug":"bon-cadeau-sortie-peche-en-mer-golfe-du-morbihan-bretagne","status":"publish","type":"page","link":"https:\/\/www.rioguidepechepro.fr\/index.php\/bon-cadeau-sortie-peche-en-mer-golfe-du-morbihan-bretagne\/","title":{"rendered":"Bon cadeau"},"content":{"rendered":"<p>[vc_row][vc_column][vc_custom_heading text=\u00a0\u00bb\u00a0\u00bb][vc_column_text]<strong><em>Pour les f\u00eates de fin d&rsquo;ann\u00e9e, un anniversaire, d\u00e9part en retraite, EVG, ou simplement faire plaisir \u00e0 un proche, offrez un cadeau sensation, 100% p\u00eache !<\/em><\/strong><\/p>\n<p><strong><em> Une sortie de p\u00eache en mer en bateau dans le Golfe du Morbihan, une id\u00e9e cadeau originale qui fera plaisir \u00e0 coup s\u00fbr !<\/em><\/strong><\/p>\n<p><em><strong>A d\u00e9couvrir\u00a0en famille, entre amis ou en solo, pour\u00a0p\u00eacheur d\u00e9butant ou confirm\u00e9 ! <\/strong><\/em><\/p>\n<p><em><strong>L<\/strong><\/em><em><strong>es cartes cadeaux sont valables 2 ans \u00e0 compter de la date d&rsquo;achat.<\/strong><\/em>[\/vc_column_text][\/vc_column][\/vc_row][vc_row][vc_column width=\u00a0\u00bb1\/6&Prime;][\/vc_column][vc_column width=\u00a0\u00bb2\/6&Prime;][vc_single_image image=\u00a0\u00bb3182&Prime; img_size=\u00a0\u00bbfull\u00a0\u00bb][\/vc_column][vc_column width=\u00a0\u00bb2\/6&Prime;][vc_single_image image=\u00a0\u00bb3181&Prime; img_size=\u00a0\u00bbfull\u00a0\u00bb][\/vc_column][vc_column width=\u00a0\u00bb1\/6&Prime;][\/vc_column][\/vc_row][vc_row][vc_column][vc_column_text]<strong><em>Pour commander votre \u201cbon cadeau\u201d, vous avez 2 solutions, vous pouvez m\u2019en faire la demande par mail \u00e0 (mickael.rio56@orange.fr).<\/em><\/strong><\/p>\n<ul>\n<li><strong><em>Les r\u00e8glements des cartes cadeaux par ch\u00e8ques sont \u00e0 exp\u00e9dier \u00e0 cette adresse: <\/em><\/strong><\/li>\n<\/ul>\n<p><strong><em>\u00a0\u00a0\u00a0\u00a0\u00a0 \u00a0\u00a0\u00a0\u00a0\u00a0\u00a0\u00a0\u00a0\u00a0\u00a0 Micka\u00ebl RIO &#8211; <\/em><\/strong><strong><em>Moniteur, <\/em><\/strong><strong><em>Guide de p\u00eache <\/em><\/strong><strong><em>&#8211; 33 rue du Calvaire, le\u00a0Bois\u00a0&#8211; <\/em><\/strong><strong><em>56350 Saint Vincent sur Oust <\/em><\/strong><\/p>\n<ul>\n<li><strong><em>Le r\u00e8glement des cartes cadeaux est \u00e9galement possible par virement bancaire, RIB sur simple demande, ou en esp\u00e8ces \u00e0 mon domicile.<\/em><\/strong><\/li>\n<li><strong><em>A r\u00e9ception du r\u00e8glement, les cartes cadeaux sont envoy\u00e9es par mail sous format num\u00e9rique que vous avez juste \u00e0 imprimer, ou bien envoy\u00e9 par courrier sur papier cartonn\u00e9, aux choix.\u00a0<\/em><\/strong><\/li>\n<li><strong><em>Avec votre demande, p<\/em><em>ensez \u00e0 me pr\u00e9ciser le nom et pr\u00e9nom de l&rsquo;heureux b\u00e9n\u00e9ficiaire de la carte cadeau.<\/em><\/strong><\/li>\n<li><strong><em>Les demandes par mails sont trait\u00e9s tous les jours.<\/em><\/strong><\/li>\n<li><strong><em>Si vous souhaitez des renseignements compl\u00e9mentaires avant de commander votre bon cadeau, n&rsquo;h\u00e9sitez pas \u00e0 me contacter par t\u00e9l\u00e9phone au 06.87.52.61.32, je me ferai un plaisir de vous r\u00e9pondre<\/em><\/strong><\/li>\n<li><em><strong>Une 2\u00e8me solution s&rsquo;offre \u00e0 vous gr\u00e2ce \u00e0 mon partenaire \u00ab\u00a0Morbihan tourisme\u00a0\u00bb avec un syst\u00e8me de paiement s\u00e9curis\u00e9 en ligne (stripe), rdv dans la rubrique \u201cr\u00e9servation\u201d en cliquant sur \u00ab\u00a0offrez un ch\u00e8que ou une carte cadeau\u00a0\u00bb \u00e9crit en rouge.<\/strong><\/em><\/li>\n<\/ul>\n<p>[\/vc_column_text][\/vc_column][\/vc_row]<\/p>\n","protected":false},"excerpt":{"rendered":"<p>[vc_row][vc_column][vc_custom_heading text=\u00a0\u00bb\u00a0\u00bb][vc_column_text]Pour les f\u00eates de fin d&rsquo;ann\u00e9e, un anniversaire, d\u00e9part en retraite, EVG, ou simplement faire plaisir \u00e0 un proche, offrez un cadeau sensation, 100% p\u00eache ! Une sortie de p\u00eache en mer en bateau dans le Golfe du Morbihan, une id\u00e9e cadeau originale qui fera plaisir \u00e0 coup s\u00fbr ! A d\u00e9couvrir\u00a0en famille, entre [&hellip;]<\/p>\n","protected":false},"author":2,"featured_media":0,"parent":0,"menu_order":0,"comment_status":"closed","ping_status":"closed","template":"full-frontpage.php","meta":{"footnotes":""},"class_list":["post-122","page","type-page","status-publish","hentry"],"_links":{"self":[{"href":"https:\/\/www.rioguidepechepro.fr\/index.php\/wp-json\/wp\/v2\/pages\/122","targetHints":{"allow":["GET"]}}],"collection":[{"href":"https:\/\/www.rioguidepechepro.fr\/index.php\/wp-json\/wp\/v2\/pages"}],"about":[{"href":"https:\/\/www.rioguidepechepro.fr\/index.php\/wp-json\/wp\/v2\/types\/page"}],"author":[{"embeddable":true,"href":"https:\/\/www.rioguidepechepro.fr\/index.php\/wp-json\/wp\/v2\/users\/2"}],"replies":[{"embeddable":true,"href":"https:\/\/www.rioguidepechepro.fr\/index.php\/wp-json\/wp\/v2\/comments?post=122"}],"version-history":[{"count":48,"href":"https:\/\/www.rioguidepechepro.fr\/index.php\/wp-json\/wp\/v2\/pages\/122\/revisions"}],"predecessor-version":[{"id":4831,"href":"https:\/\/www.rioguidepechepro.fr\/index.php\/wp-json\/wp\/v2\/pages\/122\/revisions\/4831"}],"wp:attachment":[{"href":"https:\/\/www.rioguidepechepro.fr\/index.php\/wp-json\/wp\/v2\/media?parent=122"}],"curies":[{"name":"wp","href":"https:\/\/api.w.org\/{rel}","templated":true}]}}