{"id":126,"date":"2016-02-05T15:59:52","date_gmt":"2016-02-05T14:59:52","guid":{"rendered":"http:\/\/localhost:81\/bovile\/?page_id=118"},"modified":"2025-12-16T07:54:16","modified_gmt":"2025-12-16T06:54:16","slug":"formules-grille-tarifs-formules-decouverte-famille-exclusive-sortie-peche-en-mer","status":"publish","type":"page","link":"https:\/\/www.rioguidepechepro.fr\/index.php\/formules-grille-tarifs-formules-decouverte-famille-exclusive-sortie-peche-en-mer\/","title":{"rendered":"formules &#8211; Grille de tarifs- Stage de p\u00eache en mer- Tarifs 2026"},"content":{"rendered":"\r\n<div class=\"vce-row-container\" data-vce-boxed-width=\"true\">\r\n<div id=\"el-f920b6f1\" class=\"vce-row vce-row--col-gap-30 vce-row-equal-height vce-row-content--top\" data-vce-do-apply=\"all el-f920b6f1\">\r\n<div class=\"vce-row-content\" data-vce-element-content=\"true\">\r\n<div id=\"el-846dab62\" class=\"vce-col vce-col--md-auto vce-col--xs-1 vce-col--xs-last vce-col--xs-first vce-col--sm-last vce-col--sm-first vce-col--md-first vce-col--lg-first vce-col--xl-first\">\r\n<div class=\"vce-col-inner\" data-vce-do-apply=\"border margin background  el-846dab62\">\r\n<div class=\"vce-col-content\" data-vce-element-content=\"true\" data-vce-do-apply=\"padding el-846dab62\">\r\n<div class=\"vce-text-block\">\r\n<div id=\"el-ad80bc6d\" class=\"vce-text-block-wrapper vce\" data-vce-do-apply=\"all el-ad80bc6d\">\r\n<p>[vc_row][vc_column][vc_custom_heading text=\"Les Formules\" font_container=\"tag:h2|text_align:left|color:%2300137f\" use_theme_fonts=\"yes\"][vc_column_text]\u2013 Une formule\u00a0<strong><em>\u00ab\u00a0D\u00e9couverte\u00a0\u00bb :<\/em><\/strong> pour 1, 2 ou 3 p\u00eacheurs r\u00e9servant ensemble ou un p\u00eacheur seul ne s\u2019opposant pas \u00e0 \u00eatre accompagn\u00e9 (4 p\u00eacheurs maximum par sortie), prix par personne. (possibilit\u00e9s de 5 p\u00eacheurs dans le cas d'un groupe d\u00e9j\u00e0 constitu\u00e9s en p\u00eachant par 4 \u00e0 tour de r\u00f4le)<\/p>\r\n<p><em><strong>-<\/strong><\/em> <strong style=\"font-style: italic;\">1\/2 Journ\u00e9e : 140\u20ac\u00a0 \u00a0 <\/strong><\/p>\r\n<p><strong style=\"font-style: italic;\">-\u00a0 \u00a01 Journ\u00e9e\u00a0 : 240\u20ac<\/strong><\/p>\r\n<p>\u2013 Une formule\u00a0<strong><em>\u00ab\u00a0Famille\u00a0\u00bb :\u00a0<\/em><\/strong>pour un adulte accompagn\u00e9 d\u2019un enfant (exemple : P\u00e8re et fils \u2013 Jusqu\u2019\u00e0 14 ans).<\/p>\r\n<p><em><strong>-<\/strong><\/em> <strong style=\"font-style: italic;\">1\/2 Journ\u00e9e : 240\u20ac\u00a0 \u00a0 <\/strong><\/p>\r\n<p><strong style=\"font-style: italic;\">- 1 Journ\u00e9e :\u00a0 \u00a0420\u20ac<\/strong><\/p>\r\n<p>\u2013 Une formule\u00a0<strong>\u00ab\u00a0<em>Exclusive<\/em>\u00a0\u00bb :\u00a0<\/strong>pour un p\u00eacheur souhaitant privatiser le bateau pour lui seul, sa famille ou ses amis, ou un groupe constitu\u00e9 (4 p\u00eacheurs maximum).<\/p>\r\n<p><strong style=\"font-style: italic;\">\u00a0- <\/strong><strong style=\"font-style: italic;\">1\/2 Journ\u00e9e : 480\u20ac\u00a0 \u00a0 <\/strong><\/p>\r\n<p><strong style=\"font-style: italic;\">-\u00a0 1 Journ\u00e9e\u00a0 :\u00a0 860\u20ac<\/strong><\/p>\r\n<p>\u2013 Un tarif \u00e0 la demi-journ\u00e9e pour les interventions sur votre bateau (formations \u00e9lectronique et cours de p\u00eache particuliers).<\/p>\r\n<ul>\r\n<li><em><strong>250\u20ac la 1\/2 journ\u00e9e. (Bateau et mat\u00e9riel du client)<\/strong><\/em><\/li>\r\n<\/ul>\r\n<p><strong><em>Pour toutes ces prestations, un mat\u00e9riel de p\u00eache de qualit\u00e9 vous est fourni et les leurres souples perdus ne sont pas factur\u00e9s en cas de perte.<\/em><\/strong><\/p>\r\n<p><strong><em><u>Conditions G\u00e9n\u00e9rales de Vente<\/u><\/em><\/strong><\/p>\r\n<p>\u2013 La location du bateau, le carburant, le pr\u00eat du mat\u00e9riel de p\u00eache et de s\u00e9curit\u00e9 sont compris dans la prestation.<\/p>\r\n<p>\u2013 Pour des raisons de s\u00e9curit\u00e9 alimentaire, les paniers repas ne sont pas compris dans les prestations.<\/p>\r\n<p>\u2013 En cas de casse, perte ou toute autre d\u00e9gradation du mat\u00e9riel de p\u00eache mis \u00e0 disposition, ce dernier sera alors factur\u00e9, except\u00e9 les leurres souples perdus.<\/p>\r\n<p>\u2013 Suivant les conditions m\u00e9t\u00e9orologiques, l\u2019activit\u00e9 alimentaire\u00a0de nos partenaires\u00a0de jeu\u00a0peut \u00eatre tr\u00e8s variable, bien que je fasse tout pour rendre la journ\u00e9e productive, les prises de poissons ne sont\u00a0pas garanties.<\/p>\r\n<p>\u2013 Partisan d\u2019une p\u00eache responsable et d\u2019un pr\u00e9l\u00e8vement raisonn\u00e9, ceci afin de pr\u00e9server la ressource, j\u2019encourage mes stagiaires \u00e0 remettre leurs prises \u00e0 l\u2019eau, ils pourront n\u00e9anmoins garder 1 Bars au maximum par p\u00eacheurs et par jour et la p\u00eache du jour est partag\u00e9e entre tous les participants en fin de sortie.<\/p>\r\n<ul>\r\n<li><strong><em>R\u00e8glement et facturation<\/em><\/strong><\/li>\r\n<\/ul>\r\n<p>\u2013 Les r\u00e8glements sont possibles en esp\u00e8ces, virement bancaire ou par ch\u00e8ques avec pr\u00e9sentation d\u2019une pi\u00e8ce d\u2019identit\u00e9.<\/p>\r\n<p>\u2013 Les bons cadeaux sont \u00e0 r\u00e9gler dans leurs totalit\u00e9s \u00e0 la commande, les ch\u00e8ques sont encaiss\u00e9s \u00e0 r\u00e9ceptions. Les bons cadeaux ne sont pas\u00a0 remboursables, ni \u00e9changeables. Leurs validit\u00e9s est de 2 ans \u00e0 compter de la date d\u2018achat.<\/p>\r\n<p>\u2013 Les prix factur\u00e9s par Mickael RIO, Guide de p\u00eache professionnel sont nets de taxes, son entreprise n\u2019\u00e9tant pas soumise au r\u00e9gime TVA, Art. 293B du CGI. Les arrhes sont vers\u00e9es \u00e0 la r\u00e9servation (soit 50%), le solde avant le d\u00e9but de la prestation. L\u2019inscription n\u2019est d\u00e9finitive qu\u2019apr\u00e8s confirmation de ma part apr\u00e8s r\u00e9ception des arrhes. En cas de retard de paiement, les p\u00e9nalit\u00e9s seront calcul\u00e9es sur la base de 1 fois et demi le taux d\u2019int\u00e9r\u00eat l\u00e9gal, par jour de retard et \u00e0 compter de la date d\u2019exigibilit\u00e9, de plein droit et sans qu\u2019aucune mise en demeure ne soit n\u00e9cessaire.<\/p>\r\n<ul>\r\n<li><strong><em>\u00a0\u00a0\u00a0\u00a0\u00a0\u00a0 Annulations<\/em><\/strong><\/li>\r\n<\/ul>\r\n<p><strong><em><u>-Annulation de la part du participant<\/u><\/em><\/strong> : Toute annulation du client dans les 8 jours pr\u00e9c\u00e9dents la prestation entra\u00eene la retenue des arrhes vers\u00e9es (soit 50%), et 100% dans les 48 heures pr\u00e9c\u00e9dents la date de sortie. Excepter les probl\u00e8mes m\u00e9dicaux.<\/p>\r\n<p>-Toutes prestations \u00e9court\u00e9 \u00e0 l\u2019initiative du stagiaire est d\u00fb en totalit\u00e9, quel que soit le motif, aucune indemnisation ne pourra \u00eatre demand\u00e9e.<\/p>\r\n<p>\u2013<strong>\u00a0<em><u>Annulation de ma part<\/u><\/em>\u00a0:\u00a0<\/strong>Si les raisons climatiques ou mat\u00e9rielles m\u2019y obligent. Dans ce cas seulement, la sortie sera soit report\u00e9e , soit rembours\u00e9e int\u00e9gralement (dans le cas d\u2019un bon cadeau, la sortie sera report\u00e9e).<\/p>\r\n<ul>\r\n<li><strong><em>S\u00e9curit\u00e9<\/em><\/strong><\/li>\r\n<\/ul>\r\n<p>\u2013 Le stagiaire autorise Micka\u00ebl RIO, Guide de p\u00eache professionnel, \u00e0 prendre toutes les d\u00e9cisions n\u00e9cessaires en cas d\u2019accident pour assurer la s\u00e9curit\u00e9 et la sant\u00e9 de celui-ci : appel des pompiers, premiers secours, transfert \u00e0 l\u2019h\u00f4pital\u2026<\/p>\r\n<p>\u2013 Le stagiaire certifie avoir souscrit une assurance responsabilit\u00e9 civile aupr\u00e8s d\u2019un organisme sp\u00e9cialis\u00e9. Le client certifie n\u2019avoir aucune contre-indications m\u00e9dicale \u00e0 l\u2019exercice des activit\u00e9s de p\u00eache de loisirs.<\/p>\r\n<p>\u2013 Le stagiaire certifie savoir nager. Il s\u2019engage \u00e0 signaler tout probl\u00e8me de sant\u00e9 (allergies, probl\u00e8me cardiaques\u2026) avant le stage de p\u00eache.<\/p>\r\n<ul>\r\n<li><strong><em>Droit \u00e0 l\u2019image\u00a0<\/em><\/strong><\/li>\r\n<li>Au cours d\u2019une prestation p\u00eache, les stagiaires pourront \u00eatre photographi\u00e9s. Ces photos pourront \u00eatre utilis\u00e9es \u00e0 des fins de communications li\u00e9es \u00e0 mon activit\u00e9 professionnelle, site internet, flyer, Facebook\u2026<\/li>\r\n<\/ul>\r\n<ul>\r\n<li>Si vous souhaitez ne pas \u00eatre photographi\u00e9, merci de me le notifier par mail avant la prestation.<\/li>\r\n<\/ul>\r\n<p><strong><em>Infos pratiques\u00a0:<\/em><\/strong><\/p>\r\n<p>En \u00e9t\u00e9 comme en hiver, pr\u00e9voyez des v\u00eatements adapt\u00e9s aux conditions climatiques, m\u00eame par beau temps, il fait toujours plus frais en mer !<\/p>\r\n<p>Penser \u00e0 la cr\u00e8me solaire, casquette, bonnet, lunettes de soleil, v\u00eatements imperm\u00e9ables, cir\u00e9, vestes chaudes, sous-v\u00eatement thermique, etc\u2026.[\/vc_column_text][\/vc_column][\/vc_row]<\/p>\r\n<\/div>\r\n<\/div>\r\n<\/div>\r\n<\/div>\r\n<\/div>\r\n\r\n<div id=\"el-864e0c25\" class=\"vce-col vce-col--md-auto vce-col--xs-1 vce-col--xs-last vce-col--xs-first vce-col--sm-last vce-col--sm-first vce-col--md-last vce-col--lg-last vce-col--xl-last\">\r\n<div class=\"vce-col-inner\" data-vce-do-apply=\"border margin background  el-864e0c25\">\r\n<div class=\"vce-col-content\" data-vce-element-content=\"true\" data-vce-do-apply=\"padding el-864e0c25\">\r\n<div>\u00a0<\/div>\r\n<\/div>\r\n<\/div>\r\n<\/div>\r\n<\/div>\r\n<\/div>\r\n<\/div>\r\n","protected":false},"excerpt":{"rendered":"<p>[vc_row][vc_column][vc_custom_heading text=\u00a0\u00bbLes Formules\u00a0\u00bb font_container=\u00a0\u00bbtag:h2|text_align:left|color:%2300137f\u00a0\u00bb use_theme_fonts=\u00a0\u00bbyes\u00a0\u00bb][vc_column_text]\u2013 Une formule\u00a0\u00ab\u00a0D\u00e9couverte\u00a0\u00bb : pour 1, 2 ou 3 p\u00eacheurs r\u00e9servant ensemble ou un p\u00eacheur seul ne s\u2019opposant pas \u00e0 \u00eatre accompagn\u00e9 (4 p\u00eacheurs maximum par sortie), prix par personne. (possibilit\u00e9s de 5 p\u00eacheurs dans le cas d&rsquo;un groupe d\u00e9j\u00e0 constitu\u00e9s en p\u00eachant par 4 \u00e0 tour de r\u00f4le) &#8211; 1\/2 [&hellip;]<\/p>\n","protected":false},"author":2,"featured_media":0,"parent":0,"menu_order":0,"comment_status":"closed","ping_status":"closed","template":"full-frontpage.php","meta":{"footnotes":""},"class_list":["post-126","page","type-page","status-publish","hentry"],"_links":{"self":[{"href":"https:\/\/www.rioguidepechepro.fr\/index.php\/wp-json\/wp\/v2\/pages\/126","targetHints":{"allow":["GET"]}}],"collection":[{"href":"https:\/\/www.rioguidepechepro.fr\/index.php\/wp-json\/wp\/v2\/pages"}],"about":[{"href":"https:\/\/www.rioguidepechepro.fr\/index.php\/wp-json\/wp\/v2\/types\/page"}],"author":[{"embeddable":true,"href":"https:\/\/www.rioguidepechepro.fr\/index.php\/wp-json\/wp\/v2\/users\/2"}],"replies":[{"embeddable":true,"href":"https:\/\/www.rioguidepechepro.fr\/index.php\/wp-json\/wp\/v2\/comments?post=126"}],"version-history":[{"count":103,"href":"https:\/\/www.rioguidepechepro.fr\/index.php\/wp-json\/wp\/v2\/pages\/126\/revisions"}],"predecessor-version":[{"id":4853,"href":"https:\/\/www.rioguidepechepro.fr\/index.php\/wp-json\/wp\/v2\/pages\/126\/revisions\/4853"}],"wp:attachment":[{"href":"https:\/\/www.rioguidepechepro.fr\/index.php\/wp-json\/wp\/v2\/media?parent=126"}],"curies":[{"name":"wp","href":"https:\/\/api.w.org\/{rel}","templated":true}]}}