{"id":181,"date":"2016-02-05T23:29:40","date_gmt":"2016-02-05T22:29:40","guid":{"rendered":"http:\/\/localhost:81\/bovile\/?page_id=181"},"modified":"2022-04-01T08:46:42","modified_gmt":"2022-04-01T07:46:42","slug":"hebergements-golfe-du-morbihan-sarzeau-arzon-vannes-locmariaquer-arradon-sene-saint-gildas-de-rhuys","status":"publish","type":"page","link":"https:\/\/www.rioguidepechepro.fr\/index.php\/hebergements-golfe-du-morbihan-sarzeau-arzon-vannes-locmariaquer-arradon-sene-saint-gildas-de-rhuys\/","title":{"rendered":"H\u00e9bergements- Golfe du Morbihan- Bretagne"},"content":{"rendered":"<p>[vc_row][vc_column][vc_column_text]<em><strong>Voici quelques solutions d&rsquo;h\u00e9bergements de Qualit\u00e9\u00a0afin que passiez un agr\u00e9able s\u00e9jour dans le Golfe du Morbihan et sa r\u00e9gion<\/strong><\/em>[\/vc_column_text][\/vc_column][\/vc_row][vc_row][vc_column width=\u00a0\u00bb1\/3&Prime;][vc_single_image image=\u00a0\u00bb2627&Prime; img_size=\u00a0\u00bbfull\u00a0\u00bb alignment=\u00a0\u00bbcenter\u00a0\u00bb style=\u00a0\u00bbvc_box_outline\u00a0\u00bb onclick=\u00a0\u00bbcustom_link\u00a0\u00bb link=\u00a0\u00bbhttp:\/\/cardea-morbihan.fr\/\u00a0\u00bb][vc_column_text]<\/p>\n<div class=\"tp-bgimg defaultimg\" style=\"background-position: center; width: 100%; height: 100%; visibility: inherit; z-index: 20; opacity: 1; background-image: url('http:\/\/cardea-morbihan.fr\/wp-content\/uploads\/2016\/02\/slider-background-007.jpg'); background-repeat: no-repeat; background-size: cover; background-color: transparent;\"><\/div>\n<div class=\"tp-parallax-wrap\">\n<div class=\"tp-loop-wrap\">\n<div class=\"tp-mask-wrap\">\n<div id=\"slide-1-layer-2\" class=\"tp-caption tp-resizeme\" data-responsive_offset=\"on\" data-start=\"0\" data-transform_out=\"opacity:0;s:300;s:300;\" data-transform_in=\"opacity:0;s:1.875;e:Power2.easeInOut;\" data-transform_idle=\"o:1;\" data-height=\"['none','none','none','none']\" data-voffset=\"-10\" data-y=\"bottom\" data-hoffset=\"\" data-x=\"center\" data-width=\"['none','none','none','none']\"><img loading=\"lazy\" decoding=\"async\" src=\"http:\/\/cardea-morbihan.fr\/wp-content\/uploads\/2016\/02\/long-band-slider-001.png\" alt=\"\" width=\"1920\" height=\"27\" data-no-retina=\"\" data-hh=\"27px\" data-ww=\"1920px\" \/><\/div>\n<\/div>\n<\/div>\n<\/div>\n<div class=\"tp-parallax-wrap\">\n<div class=\"tp-loop-wrap\">\n<div class=\"tp-mask-wrap\">\n<div id=\"slide-1-layer-1\" class=\"tp-caption Fashion-BigDisplay tp-resizeme\" data-responsive_offset=\"on\" data-start=\"500\" data-transform_out=\"opacity:0;s:300;s:300;\" data-transform_in=\"x:[175%];y:0px;z:0;rX:0;rY:0;rZ:0;sX:1;sY:1;skX:0;skY:0;opacity:1;s:1500;e:Power3.easeOut;\" data-transform_idle=\"o:1;\" data-height=\"['auto']\" data-y=\"316\" data-x=\"10\" data-width=\"['auto']\" data-splitout=\"none\" data-splitin=\"none\" data-mask_in=\"x:[-100%];y:0;\"><em><strong>Pour vos vacances dans le Golfe du Morbihan, Carine Germain vous propose plusieurs solutions d&rsquo;h\u00e9bergements, location de maison de caract\u00e8res jusqu&rsquo;\u00e0 20 personnes.<\/strong><\/em><\/div>\n<div class=\"tp-caption Fashion-BigDisplay tp-resizeme\" data-responsive_offset=\"on\" data-start=\"500\" data-transform_out=\"opacity:0;s:300;s:300;\" data-transform_in=\"x:[175%];y:0px;z:0;rX:0;rY:0;rZ:0;sX:1;sY:1;skX:0;skY:0;opacity:1;s:1500;e:Power3.easeOut;\" data-transform_idle=\"o:1;\" data-height=\"['auto']\" data-y=\"316\" data-x=\"10\" data-width=\"['auto']\" data-splitout=\"none\" data-splitin=\"none\" data-mask_in=\"x:[-100%];y:0;\"><em><strong>\u00a0<\/strong><\/em><\/div>\n<\/div>\n<\/div>\n<\/div>\n<p>[\/vc_column_text][\/vc_column][vc_column width=\u00a0\u00bb1\/3&Prime;][vc_single_image image=\u00a0\u00bb2754&Prime; img_size=\u00a0\u00bbmedium\u00a0\u00bb onclick=\u00a0\u00bbcustom_link\u00a0\u00bb link=\u00a0\u00bbhttp:\/\/gitesduhautbohat.pagesperso-orange.fr\/\u00a0\u00bb][vc_column_text]<em><strong>Id\u00e9alement s<\/strong><\/em><em><strong>itu\u00e9 \u00e0 Sarzeau, \u00e0 seulement 5mn du port du Logeo,<\/strong><\/em><em><strong> la Ferme du Haut-Bohat vous accueillera dans l&rsquo;un de ses 3 g\u00eetes confortables et spacieux, le temps d&rsquo;un week-end, d&rsquo;une ou plusieurs semaines, quelque soit la saison.<\/strong><\/em><br \/>\n<em><strong>Passez un excellent s\u00e9jour dans cet \u00e9crin de verdure, d&rsquo;authenticit\u00e9, <\/strong><\/em><br \/>\n<em><strong>ou la nature et la famille sont privil\u00e9gi\u00e9s. <\/strong><\/em><\/p>\n<p><em><strong>Isabelle et Jean-Yves Cou\u00ebdel vous r\u00e9serveront leur meilleur accueil.<\/strong><\/em><\/p>\n<p><em><strong>Animaux et ch\u00e8ques vacances accept\u00e9s<\/strong><\/em>[\/vc_column_text][\/vc_column][vc_column width=\u00a0\u00bb1\/3&Prime;][vc_single_image image=\u00a0\u00bb2620&Prime; img_size=\u00a0\u00bbfull\u00a0\u00bb alignment=\u00a0\u00bbcenter\u00a0\u00bb style=\u00a0\u00bbvc_box_outline\u00a0\u00bb onclick=\u00a0\u00bbcustom_link\u00a0\u00bb link=\u00a0\u00bbhttps:\/\/www.leclosdugusquel.com\/\u00a0\u00bb][vc_column_text]<em><strong>G\u00eetes et chambres d\u2019h\u00f4tes\u00a0\u00e0 Plescop (56)<\/strong><\/em><\/p>\n<p><em><strong>Le clos de Gusquel est\u00a0labellis\u00e9 4 \u00e9pis par \u00ab\u00a0G\u00eetes de France\u00a0\u00bb<\/strong><\/em><\/p>\n<p><em><strong>\u00a0<\/strong><\/em>[\/vc_column_text][\/vc_column][\/vc_row][vc_row][vc_column][\/vc_column][\/vc_row]<\/p>\n","protected":false},"excerpt":{"rendered":"<p>[vc_row][vc_column][vc_column_text]Voici quelques solutions d&rsquo;h\u00e9bergements de Qualit\u00e9\u00a0afin que passiez un agr\u00e9able s\u00e9jour dans le Golfe du Morbihan et sa r\u00e9gion[\/vc_column_text][\/vc_column][\/vc_row][vc_row][vc_column width=\u00a0\u00bb1\/3&Prime;][vc_single_image image=\u00a0\u00bb2627&Prime; img_size=\u00a0\u00bbfull\u00a0\u00bb alignment=\u00a0\u00bbcenter\u00a0\u00bb style=\u00a0\u00bbvc_box_outline\u00a0\u00bb onclick=\u00a0\u00bbcustom_link\u00a0\u00bb link=\u00a0\u00bbhttp:\/\/cardea-morbihan.fr\/\u00a0\u00bb][vc_column_text] Pour vos vacances dans le Golfe du Morbihan, Carine Germain vous propose plusieurs solutions d&rsquo;h\u00e9bergements, location de maison de caract\u00e8res jusqu&rsquo;\u00e0 20 personnes. \u00a0 [\/vc_column_text][\/vc_column][vc_column width=\u00a0\u00bb1\/3&Prime;][vc_single_image image=\u00a0\u00bb2754&Prime; img_size=\u00a0\u00bbmedium\u00a0\u00bb onclick=\u00a0\u00bbcustom_link\u00a0\u00bb [&hellip;]<\/p>\n","protected":false},"author":2,"featured_media":0,"parent":0,"menu_order":0,"comment_status":"closed","ping_status":"closed","template":"full-frontpage.php","meta":{"footnotes":""},"class_list":["post-181","page","type-page","status-publish","hentry"],"_links":{"self":[{"href":"https:\/\/www.rioguidepechepro.fr\/index.php\/wp-json\/wp\/v2\/pages\/181","targetHints":{"allow":["GET"]}}],"collection":[{"href":"https:\/\/www.rioguidepechepro.fr\/index.php\/wp-json\/wp\/v2\/pages"}],"about":[{"href":"https:\/\/www.rioguidepechepro.fr\/index.php\/wp-json\/wp\/v2\/types\/page"}],"author":[{"embeddable":true,"href":"https:\/\/www.rioguidepechepro.fr\/index.php\/wp-json\/wp\/v2\/users\/2"}],"replies":[{"embeddable":true,"href":"https:\/\/www.rioguidepechepro.fr\/index.php\/wp-json\/wp\/v2\/comments?post=181"}],"version-history":[{"count":12,"href":"https:\/\/www.rioguidepechepro.fr\/index.php\/wp-json\/wp\/v2\/pages\/181\/revisions"}],"predecessor-version":[{"id":4737,"href":"https:\/\/www.rioguidepechepro.fr\/index.php\/wp-json\/wp\/v2\/pages\/181\/revisions\/4737"}],"wp:attachment":[{"href":"https:\/\/www.rioguidepechepro.fr\/index.php\/wp-json\/wp\/v2\/media?parent=181"}],"curies":[{"name":"wp","href":"https:\/\/api.w.org\/{rel}","templated":true}]}}