{"id":247,"date":"2016-02-07T13:08:09","date_gmt":"2016-02-07T12:08:09","guid":{"rendered":"http:\/\/localhost:81\/bovile\/?page_id=247"},"modified":"2024-09-11T06:48:26","modified_gmt":"2024-09-11T05:48:26","slug":"bateau-narwhal-670-hd-guidage-peche-au-bar-morbihan","status":"publish","type":"page","link":"https:\/\/www.rioguidepechepro.fr\/index.php\/bateau-narwhal-670-hd-guidage-peche-au-bar-morbihan\/","title":{"rendered":"Bateau"},"content":{"rendered":"<p>[vc_row][vc_column][vc_custom_heading text=\u00a0\u00bb Nouveau Bateau &#8211; Un Semi-rigide NARWHAL 670 HD\u00a0\u00bb font_container=\u00a0\u00bbtag:h2|font_size:32|text_align:center|color:%23001c5e\u00a0\u00bb use_theme_fonts=\u00a0\u00bbyes\u00a0\u00bb][vc_custom_heading text=\u00a0\u00bb\u00a0\u00bb font_container=\u00a0\u00bbtag:h2|font_size:32|text_align:center|color:%23001c5e\u00a0\u00bb use_theme_fonts=\u00a0\u00bbyes\u00a0\u00bb][\/vc_column][\/vc_row][vc_row][vc_column width=\u00a0\u00bb2\/6&Prime;][vc_images_carousel images=\u00a0\u00bb4707,4711,4709,4708,4712,4710,4713&Prime; img_size=\u00a0\u00bb400&#215;350&Prime; autoplay=\u00a0\u00bbyes\u00a0\u00bb hide_prev_next_buttons=\u00a0\u00bbyes\u00a0\u00bb wrap=\u00a0\u00bbyes\u00a0\u00bb][\/vc_column][vc_column width=\u00a0\u00bb2\/6&Prime;][vc_column_text]<em>Vous serez accueilli sur un NARWHAL 670-HD de 6,75m. propuls\u00e9 par un moteur YAMAHA V-MAX SHO de 150cv, un bateau con\u00e7u pour un usage professionnel.<\/em><\/p>\n<p><em>C&rsquo;est un ensemble id\u00e9al pour d\u00e9couvrir la p\u00eache dans le Golfe du Morbihan en s\u00e9curit\u00e9.<\/em><\/p>\n<p><em>C\u00f4t\u00e9 \u00e9lectronique, il est \u00e9quip\u00e9 par un combin\u00e9 sondeur GPS GARMIN 1223 XSV et d&rsquo;une sonde GT-56.<\/em><\/p>\n<p>Pour votre confort en navigation, il est dot\u00e9 d&rsquo;une banquette matelass\u00e9e pour 2 p\u00eacheurs sur l&rsquo;arri\u00e8re du bateau et \u00e9galement de 2 places assises \u00e0 l&rsquo;avant de la console.[\/vc_column_text][\/vc_column][\/vc_row][vc_row][vc_column width=\u00a0\u00bb1\/6&Prime;][vc_single_image image=\u00a0\u00bb857&Prime; img_size=\u00a0\u00bbfull\u00a0\u00bb alignment=\u00a0\u00bbcenter\u00a0\u00bb style=\u00a0\u00bbvc_box_rounded\u00a0\u00bb onclick=\u00a0\u00bbcustom_link\u00a0\u00bb link=\u00a0\u00bbhttp:\/\/www.garmin.com\/fr-FR\/explorer\/sur-leau\/\u00a0\u00bb][\/vc_column][vc_column width=\u00a0\u00bb1\/6&Prime;][\/vc_column][vc_column width=\u00a0\u00bb1\/6&Prime;][vc_single_image image=\u00a0\u00bb2594&Prime; alignment=\u00a0\u00bbright\u00a0\u00bb style=\u00a0\u00bbvc_box_rounded\u00a0\u00bb onclick=\u00a0\u00bbcustom_link\u00a0\u00bb link=\u00a0\u00bbhttp:\/\/www.mbmarine.fr\/\u00a0\u00bb][\/vc_column][vc_column width=\u00a0\u00bb1\/6&Prime;][\/vc_column][vc_column width=\u00a0\u00bb1\/6&Prime;][\/vc_column][vc_column width=\u00a0\u00bb1\/6&Prime;][vc_single_image image=\u00a0\u00bb879&Prime; img_size=\u00a0\u00bbfull\u00a0\u00bb alignment=\u00a0\u00bbcenter\u00a0\u00bb style=\u00a0\u00bbvc_box_rounded\u00a0\u00bb onclick=\u00a0\u00bbcustom_link\u00a0\u00bb link=\u00a0\u00bbhttp:\/\/www.narwhal.es\/fr\/\u00a0\u00bb][\/vc_column][\/vc_row][vc_row][vc_column][\/vc_column][\/vc_row]<\/p>\n","protected":false},"excerpt":{"rendered":"<p>[vc_row][vc_column][vc_custom_heading text=\u00a0\u00bb Nouveau Bateau &#8211; Un Semi-rigide NARWHAL 670 HD\u00a0\u00bb font_container=\u00a0\u00bbtag:h2|font_size:32|text_align:center|color:%23001c5e\u00a0\u00bb use_theme_fonts=\u00a0\u00bbyes\u00a0\u00bb][vc_custom_heading text=\u00a0\u00bb\u00a0\u00bb font_container=\u00a0\u00bbtag:h2|font_size:32|text_align:center|color:%23001c5e\u00a0\u00bb use_theme_fonts=\u00a0\u00bbyes\u00a0\u00bb][\/vc_column][\/vc_row][vc_row][vc_column width=\u00a0\u00bb2\/6&Prime;][vc_images_carousel images=\u00a0\u00bb4707,4711,4709,4708,4712,4710,4713&Prime; img_size=\u00a0\u00bb400&#215;350&Prime; autoplay=\u00a0\u00bbyes\u00a0\u00bb hide_prev_next_buttons=\u00a0\u00bbyes\u00a0\u00bb wrap=\u00a0\u00bbyes\u00a0\u00bb][\/vc_column][vc_column width=\u00a0\u00bb2\/6&Prime;][vc_column_text]Vous serez accueilli sur un NARWHAL 670-HD de 6,75m. propuls\u00e9 par un moteur YAMAHA V-MAX SHO de 150cv, un bateau con\u00e7u pour un usage professionnel. C&rsquo;est un ensemble id\u00e9al pour d\u00e9couvrir la p\u00eache dans [&hellip;]<\/p>\n","protected":false},"author":2,"featured_media":0,"parent":0,"menu_order":0,"comment_status":"closed","ping_status":"closed","template":"full-frontpage.php","meta":{"footnotes":""},"class_list":["post-247","page","type-page","status-publish","hentry"],"_links":{"self":[{"href":"https:\/\/www.rioguidepechepro.fr\/index.php\/wp-json\/wp\/v2\/pages\/247","targetHints":{"allow":["GET"]}}],"collection":[{"href":"https:\/\/www.rioguidepechepro.fr\/index.php\/wp-json\/wp\/v2\/pages"}],"about":[{"href":"https:\/\/www.rioguidepechepro.fr\/index.php\/wp-json\/wp\/v2\/types\/page"}],"author":[{"embeddable":true,"href":"https:\/\/www.rioguidepechepro.fr\/index.php\/wp-json\/wp\/v2\/users\/2"}],"replies":[{"embeddable":true,"href":"https:\/\/www.rioguidepechepro.fr\/index.php\/wp-json\/wp\/v2\/comments?post=247"}],"version-history":[{"count":34,"href":"https:\/\/www.rioguidepechepro.fr\/index.php\/wp-json\/wp\/v2\/pages\/247\/revisions"}],"predecessor-version":[{"id":4818,"href":"https:\/\/www.rioguidepechepro.fr\/index.php\/wp-json\/wp\/v2\/pages\/247\/revisions\/4818"}],"wp:attachment":[{"href":"https:\/\/www.rioguidepechepro.fr\/index.php\/wp-json\/wp\/v2\/media?parent=247"}],"curies":[{"name":"wp","href":"https:\/\/api.w.org\/{rel}","templated":true}]}}